{"id":3,"date":"2024-03-11T14:23:47","date_gmt":"2024-03-11T14:23:47","guid":{"rendered":"http:\/\/christianploetz.de\/wp\/?page_id=3"},"modified":"2024-06-03T12:12:38","modified_gmt":"2024-06-03T10:12:38","slug":"impressum","status":"publish","type":"page","link":"https:\/\/christianploetz.de\/wp\/impressum\/","title":{"rendered":"Impressum"},"content":{"rendered":"\n<p><strong>Pflichtangaben gem\u00e4\u00df \u00a75 Telemediengesetz (TMG):<\/strong><\/p>\n\n\n\n<p>Praxis an der Mauritiuskirche<\/p>\n\n\n\n<p>Zahnarzt&nbsp;Dr.Christian Pl\u00f6tz<br>Mauritiussteinweg 90-92<\/p>\n\n\n\n<p>50676 K\u00f6ln<\/p>\n\n\n\n<p>Tel: +49 221 \u2013&nbsp;219148<\/p>\n\n\n\n<p>E-Mail:&nbsp;<a href=\"mailto:koeln@zahn-mnp.de\" target=\"_blank\" rel=\"noreferrer noopener\">koeln@zahn-mnp.de<\/a><\/p>\n\n\n\n<p>Gesch\u00e4ftsform: GbR Meyer Navidy Pl\u00f6tz<\/p>\n\n\n\n<p>\u00fcber\u00f6rtliche Berufsaus\u00fcbungsgemeinschaft<\/p>\n\n\n\n<p>Zust\u00e4ndige Zahn\u00e4rztekammer:<\/p>\n\n\n\n<p>Zahn\u00e4rztekammer Nordrhein<br>Emmanuel-Leutze-Stra\u00dfe 8<br>40547 D\u00fcsseldorf<br>Berufsbezeichnung: Zahnarzt (verliehen in der Bundesrepublik Deutschland)<\/p>\n\n\n\n<p>Zust\u00e4ndige Aufsichtsbeh\u00f6rde:<\/p>\n\n\n\n<p>Bezirksregierung K\u00f6ln<br>Zeughausstr. 2-10<br>50667 K\u00f6ln<\/p>\n\n\n\n<p>Zust\u00e4ndige Kassen\u00e4rztliche Vereinigung:<\/p>\n\n\n\n<p>KZV Nordrhein<\/p>\n\n\n\n<p>Berufsrechtliche Regelungen:<br>\u2022Zahnheilkundegesetz<br>\u2022Berufsordnung<br>\u2022Zulassungsverordnung f\u00fcr Vertragszahn\u00e4rzte<\/p>\n\n\n\n<p>Die Regelungen k\u00f6nnen unter&nbsp;<a href=\"https:\/\/deref-web.de\/mail\/client\/OC_cKvsxGec\/dereferrer\/?redirectUrl=http%3A%2F%2Fwww.kzv.de%2F\" target=\"_blank\" rel=\"noreferrer noopener\">www.kzv.de<\/a>&nbsp;heruntergeladen werden.<\/p>\n\n\n\n<p>Einschl\u00e4gige berufsrechtliche Regelungen:<\/p>\n\n\n\n<p>\u2022Zahnheilkundegesetz (ZHG)d<br>\u2022Geb\u00fchrenordnung f\u00fcr Zahn\u00e4rzte (GOZ)<br>\u2022Heilberufsgesetz NRW<br>\u2022Berufsordnung und Weiterbildungsordnung der Zahn\u00e4rztekammer Nordrhein<\/p>\n\n\n\n<p><a href=\"https:\/\/deref-web.de\/mail\/client\/lEpJLWMF3N0\/dereferrer\/?redirectUrl=http%3A%2F%2Fwww.zahnaerztekammernordrhein.de%2Ffuer-zahnaerzte%2Frecht-goz%2Frechtsvorschriften.html\" target=\"_blank\" rel=\"noreferrer noopener\">http:\/\/www.zahnaerztekammernordrhein.de\/fuer-zahnaerzte\/recht-goz\/rechtsvorschriften.html<\/a><\/p>\n\n\n\n<p>Inhaltlich verantwortlich gem\u00e4\u00df \u00a710 Abs. 3 MDStV:<br>Dr. med. dent. Christian Pl\u00f6tz<\/p>\n\n\n\n<p>Mit Urteil vom 12. Mai 1998 \u2013 312 O 85\/98 \u2013 \u201eHaftung f\u00fcr Links\u201c hat das Landgericht (LG) in Hamburg entschieden, dass man durch die Anbringung eines Links die Inhalte der gelinkten Seite ggf. mit zu verantworten hat. Dies kann \u2013 so das LG \u2013 nur dadurch verhindert werden, indem man sich ausdr\u00fccklich von diesen Inhalten distanziert.<\/p>\n\n\n\n<p>Trotz sorgf\u00e4ltiger Kontrolle \u00fcbernehmen wir keine Haftung f\u00fcr die Inhalte externer Links. F\u00fcr den Inhalt der verlinkten Seiten sind ausschlie\u00dflich deren Betreiber verantwortlich.<\/p>\n\n\n\n<p>8.3 Rechtliche Hinweise und Haftungsausschluss<\/p>\n\n\n\n<p>F\u00fcr die Nutzung und den Besuch unserer Internetpr\u00e4senz \u201e<a href=\"https:\/\/deref-web.de\/mail\/client\/Pi9dw5gCguk\/dereferrer\/?redirectUrl=http%3A%2F%2Fwww.praxis-langenbach.de\" target=\"_blank\" rel=\"noreferrer noopener\">www.christianploetz.de<\/a>\u201c und alle angeschlossenen Themen-Sites gelten die nachstehenden Nutzungsbedingungen sowie die auf&nbsp; dieser Seite genannten Erkl\u00e4rungen.<\/p>\n\n\n\n<p>Links und Mitverantwortung f\u00fcr den Inhalt von gelinkten Seiten<\/p>\n\n\n\n<p>Haftung f\u00fcr Links: Durch das Urteil vom 12. Mai 1998 \u201eHaftung f\u00fcr Links\u201c (312 O 85\/98) hat das LG Hamburg eindeutig entschieden, dass man durch die Anbringung eines Links, die Inhalte der gelinkten Seite ggf. mit zu verantworten hat, also haftbar gemacht werden kann. Dies kann nur dadurch verhindert werden, indem man sich ausdr\u00fccklich von diesen Inhalten distanziert.<\/p>\n\n\n\n<p>\u201eZahnarztpraxis Dr. Christian Pl\u00f6tz\u201c distanziert sich hiermit ausdr\u00fccklich von allen Inhalten s\u00e4mtlicher gelinkter Seiten auf\u00a0\u201e<a href=\"https:\/\/deref-web.de\/mail\/client\/Pi9dw5gCguk\/dereferrer\/?redirectUrl=http%3A%2F%2Fwww.praxis-langenbach.de\" target=\"_blank\" rel=\"noreferrer noopener\">www.christianploetz.de<\/a>\u201c und verweist darauf, dass wir weder Einfluss auf Gestaltung und Inhalte der gelinkten Seiten haben noch uns diese Inhalte zu eigen machen.<br>Das gezeigte Produkt-, Informations- und Serviceangebot sowie die technischen Daten entsprechen dem aktuellen Stand in Deutschland, \u00c4nderungen und Irrt\u00fcmer vorbehalten. Die hier genannte Erkl\u00e4rung gilt f\u00fcr alle Seiten von \u201e<a href=\"https:\/\/deref-web.de\/mail\/client\/Pi9dw5gCguk\/dereferrer\/?redirectUrl=http%3A%2F%2Fwww.praxis-langenbach.de\" target=\"_blank\" rel=\"noreferrer noopener\">www.christianploetz.de<\/a>\u201c<\/p>\n\n\n\n<p>Angebote und Inhalte von\u201e<a href=\"https:\/\/deref-web.de\/mail\/client\/Pi9dw5gCguk\/dereferrer\/?redirectUrl=http%3A%2F%2Fwww.praxis-langenbach.de\" target=\"_blank\" rel=\"noreferrer noopener\">www.christianploetz.de<\/a>\u201c<\/p>\n\n\n\n<p>Die Inhalte dieser Website sind ausschlie\u00dflich f\u00fcr den pers\u00f6nlichen Bedarf zu nutzen. Das Kopieren, Vervielf\u00e4ltigen oder Ver\u00e4ndern der Website ist verboten.&nbsp;\u201e<a href=\"https:\/\/deref-web.de\/mail\/client\/Pi9dw5gCguk\/dereferrer\/?redirectUrl=http%3A%2F%2Fwww.praxis-langenbach.de\" target=\"_blank\" rel=\"noreferrer noopener\">www.christianploetz.de<\/a>\u201c \u00fcbernimmt keine Haftung f\u00fcr die Zugangsm\u00f6glichkeit, deren Zugriffsqualit\u00e4t und die Art der Darstellung.<\/p>\n\n\n\n<p>Wir k\u00f6nnen bei aller Sorgfalt in der Recherche und bei der Zusammenstellung der Informationen auch keine Gew\u00e4hrleistung f\u00fcr ihre Korrektheit, Vollst\u00e4ndigkeit oder Aktualit\u00e4t \u00fcbernehmen. Daher sind Haftungsanspr\u00fcche gegen&nbsp;\u201e<a href=\"https:\/\/deref-web.de\/mail\/client\/Pi9dw5gCguk\/dereferrer\/?redirectUrl=http%3A%2F%2Fwww.praxis-langenbach.de\" target=\"_blank\" rel=\"noreferrer noopener\">www.christianploetz.de<\/a>\u201c f\u00fcr alle Sch\u00e4den \u2013 gleichg\u00fcltig ob materieller oder ideeller Natur \u2013 grunds\u00e4tzlich ausgeschlossen, die durch die Nutzung oder Nichtnutzung der dargestellten Informationen bzw. durch die Nutzung fehlerhafter und \/ oder unvollst\u00e4ndiger Informationen verursacht werden. Hiervon sind die gesetzlichen Regelungen \u00fcber grobe Fahrl\u00e4ssigkeit und Vorsatz \u201e<a href=\"https:\/\/deref-web.de\/mail\/client\/Pi9dw5gCguk\/dereferrer\/?redirectUrl=http%3A%2F%2Fwww.praxis-langenbach.de\" target=\"_blank\" rel=\"noreferrer noopener\">www.christianploetz.de<\/a>\u201c beh\u00e4lt sich vor, das Informationsangebot ohne Ank\u00fcndigung im Ganzen oder in Teilen zu ver\u00e4ndern bzw. zeitweise oder dauerhaft einzustellen.<\/p>\n\n\n\n<p>Eigene Urheberrechte<\/p>\n\n\n\n<p>Das Copyright f\u00fcr das Konzept und Design der Website, den Quellcode der Programmierung sowie f\u00fcr den Inhalt des Angebots mit allen Beitr\u00e4gen liegt bei dem jeweiligen Autor, Fotografen, Grafiker und \/ oder Programmierer von \u201e<a href=\"https:\/\/deref-web.de\/mail\/client\/Pi9dw5gCguk\/dereferrer\/?redirectUrl=http%3A%2F%2Fwww.praxis-langenbach.de\" target=\"_blank\" rel=\"noreferrer noopener\">www.christianploetz.de<\/a>\u201c. Eine Vervielf\u00e4ltigung und Verwendung \/ Weiterverwendung von Texten, Tondokumenten, Sounds, Fotos, Grafiken, Videosequenzen, Quell \u2013 \/ Programmcodes in anderen elektronischen oder gedruckten Ver\u00f6ffentlichungen ist verboten und ohne ausdr\u00fcckliche schriftliche vorherige Genehmigung von\u201e<a href=\"https:\/\/deref-web.de\/mail\/client\/Pi9dw5gCguk\/dereferrer\/?redirectUrl=http%3A%2F%2Fwww.praxis-langenbach.de\" target=\"_blank\" rel=\"noreferrer noopener\">www.christianploetz.de<\/a>\u201cund \/ oder dem jeweiligen Autor in jedem Einzelfall nicht gestattet.<\/p>\n\n\n\n<p>Urheberrechte Dritter<\/p>\n\n\n\n<p>\u201e<a href=\"https:\/\/deref-web.de\/mail\/client\/Pi9dw5gCguk\/dereferrer\/?redirectUrl=http%3A%2F%2Fwww.praxis-langenbach.de\" target=\"_blank\" rel=\"noreferrer noopener\">www.christianploetz.de<\/a>\u201c ist stets bestrebt, in allen Ver\u00f6ffentlichungen die Urheberrechte Dritter an verwendeten Texten, Fotos, Grafiken etc. zu beachten. Sollten trotz dieser Sorgfalt, mit fremden Copyright gesch\u00fctzte Texte, Fotos, Grafiken etc. auf&nbsp;\u201e<a href=\"https:\/\/deref-web.de\/mail\/client\/Pi9dw5gCguk\/dereferrer\/?redirectUrl=http%3A%2F%2Fwww.praxis-langenbach.de\" target=\"_blank\" rel=\"noreferrer noopener\">www.christianploetz.de<\/a>\u201c&nbsp;aus Versehen ver\u00f6ffentlicht sein, bitten wir um Mitteilung. Wir werden die betreffenden Punkte von der Website entfernen bzw. mit dem entsprechenden&nbsp;Copyrighthinweis&nbsp;kenntlich machen.<\/p>\n","protected":false},"excerpt":{"rendered":"<p>Pflichtangaben gem\u00e4\u00df \u00a75 Telemediengesetz (TMG): Praxis an der Mauritiuskirche Zahnarzt&nbsp;Dr.Christian Pl\u00f6tzMauritiussteinweg 90-92 50676 K\u00f6ln Tel: +49 221 \u2013&nbsp;219148 E-Mail:&nbsp;koeln@zahn-mnp.de Gesch\u00e4ftsform: GbR Meyer Navidy Pl\u00f6tz \u00fcber\u00f6rtliche Berufsaus\u00fcbungsgemeinschaft Zust\u00e4ndige Zahn\u00e4rztekammer: Zahn\u00e4rztekammer NordrheinEmmanuel-Leutze-Stra\u00dfe 840547 D\u00fcsseldorfBerufsbezeichnung: Zahnarzt (verliehen in der Bundesrepublik Deutschland) Zust\u00e4ndige Aufsichtsbeh\u00f6rde: Bezirksregierung K\u00f6lnZeughausstr. 2-1050667 K\u00f6ln Zust\u00e4ndige Kassen\u00e4rztliche Vereinigung: KZV Nordrhein Berufsrechtliche Regelungen:\u2022Zahnheilkundegesetz\u2022Berufsordnung\u2022Zulassungsverordnung f\u00fcr Vertragszahn\u00e4rzte Die Regelungen [&hellip;]<\/p>\n","protected":false},"author":1,"featured_media":0,"parent":0,"menu_order":0,"comment_status":"closed","ping_status":"closed","template":"","meta":{"site-container-style":"default","site-container-layout":"default","site-sidebar-layout":"default","site-transparent-header":"default","prose-style":"enable","disable-article-header":"default","disable-site-header":"default","disable-site-footer":"default","disable-content-area-spacing":"default","footnotes":""},"class_list":["post-3","page","type-page","status-publish","hentry"],"_links":{"self":[{"href":"https:\/\/christianploetz.de\/wp\/wp-json\/wp\/v2\/pages\/3","targetHints":{"allow":["GET"]}}],"collection":[{"href":"https:\/\/christianploetz.de\/wp\/wp-json\/wp\/v2\/pages"}],"about":[{"href":"https:\/\/christianploetz.de\/wp\/wp-json\/wp\/v2\/types\/page"}],"author":[{"embeddable":true,"href":"https:\/\/christianploetz.de\/wp\/wp-json\/wp\/v2\/users\/1"}],"replies":[{"embeddable":true,"href":"https:\/\/christianploetz.de\/wp\/wp-json\/wp\/v2\/comments?post=3"}],"version-history":[{"count":3,"href":"https:\/\/christianploetz.de\/wp\/wp-json\/wp\/v2\/pages\/3\/revisions"}],"predecessor-version":[{"id":191,"href":"https:\/\/christianploetz.de\/wp\/wp-json\/wp\/v2\/pages\/3\/revisions\/191"}],"wp:attachment":[{"href":"https:\/\/christianploetz.de\/wp\/wp-json\/wp\/v2\/media?parent=3"}],"curies":[{"name":"wp","href":"https:\/\/api.w.org\/{rel}","templated":true}]}}